{"id":3635,"date":"2022-02-13T22:05:40","date_gmt":"2022-02-13T21:05:40","guid":{"rendered":"https:\/\/www.gostiscesovdat.com\/piskotki-2\/"},"modified":"2022-02-13T22:07:14","modified_gmt":"2022-02-13T21:07:14","slug":"politika-zasebnosti","status":"publish","type":"page","link":"http:\/\/www.gostiscesovdat.com\/de\/politika-zasebnosti\/","title":{"rendered":"Datenschutz-Bestimmungen"},"content":{"rendered":"<div data-mkdf-parallax-speed=\"1\" class=\"vc_row wpb_row vc_row-fluid mkdf-section mkdf-content-aligment-left\" style=\"\"><div class=\"clearfix mkdf-full-section-inner\"><div class=\"wpb_column vc_column_container vc_col-sm-12\"><div class=\"vc_column-inner\"><div class=\"wpb_wrapper\">\n\t<div class=\"wpb_text_column wpb_content_element\" >\n\t\t<div class=\"wpb_wrapper\">\n\t\t\t<div class=\"wpb_text_column wpb_content_element\">\n<div class=\"wpb_wrapper\">\n<h3>Welche Informationen sammeln wir?<\/h3>\n<div class=\"content\">Zum Zweck der Online-Reservierung werden Kontaktdaten und Informationen \u00fcber den Inhaber der Reservierung oder den Gast gespeichert.<\/div>\n<h3>Wof\u00fcr verwenden wir Ihre Daten?<\/h3>\n<div class=\"content\">Wir k\u00f6nnen Ihre Daten verwenden, um Fragen zu beantworten bzw. Realisierung der gesendeten Reservierung oder Anfrage. Ihre Daten werden aus keinem Grund verkauft, ausgetauscht, \u00fcbertragen oder an andere Unternehmen weitergegeben.<\/div>\n<h3>Wie sch\u00fctzen wir Ihre Daten?<\/h3>\n<div class=\"content\">\n<p>Ihre mit der Reservierung verbundenen Daten werden im Reservierungssystem gespeichert, das wir zur Verwaltung der Reservierungen verwenden (Systemanbieter ist die Firma INTERSPLET doo).<br \/>Nur Mitarbeiter des Unternehmens haben Zugriff auf die Daten und erhalten entsprechende Rechte (Empfang, Support).<br \/>Alle Daten zwischen der Website und dem Reservierungssystem werden \u00fcber eine sichere HTTPS-Verbindung \u00fcbertragen.<\/p>\n<p>Online-Zahlungen und andere Transaktionen werden auf der Website des Dienstleisters (z. B. Banken, PayPal) durchgef\u00fchrt und von uns nicht verarbeitet oder gespeichert.<\/p>\n<\/div>\n<h3>Verwenden wir Cookies?<\/h3>\n<div class=\"content\">\n<p>Jawohl. Cookies sind kleine Dateien, die wir \u00fcber einen Webbrowser (sofern Sie dies zulassen) auf der Festplatte Ihres Computers speichern, wodurch unser System Ihren Browser erkennen und bestimmte Informationen erfassen und speichern kann.<\/p>\n<p>Wir verwenden Cookies auch, um aggregierte Daten \u00fcber den Website-Verkehr und die Website-Interaktion zusammenzustellen, damit wir in Zukunft bessere Erfahrungen und Tools auf der Website anbieten k\u00f6nnen.<\/p>\n<p>Wenn Sie Cookies deaktivieren, werden einige Funktionen deaktiviert. Einige Funktionen, die das Serviceerlebnis effizienter machen, werden deaktiviert. Einige unserer Dienste werden nicht richtig funktionieren.<\/p>\n<p>Mehr \u00fcber Cookies: \/ Cookies \/<\/p>\n<\/div>\n<h3>Weitergabe an Dritte<\/h3>\n<div class=\"content\">Wir verkaufen, tauschen oder \u00fcbertragen Ihre personenbezogenen Daten nicht an Dritte.<\/div>\n<h3>Verbindungen von Drittanbietern<\/h3>\n<div class=\"content\">Wir k\u00f6nnen Produkte oder Dienstleistungen Dritter auf der Website einschlie\u00dfen oder anbieten. Diese Websites Dritter haben separate und unabh\u00e4ngige Datenschutzrichtlinien. Aus diesem Grund sind wir nicht verantwortlich f\u00fcr die Inhalte und Aktivit\u00e4ten dieser verlinkten Seiten. Dennoch bem\u00fchen wir uns, die Integrit\u00e4t unserer Website zu sch\u00fctzen, daher ist jedes Feedback zu diesen Websites willkommen.<\/div>\n<h3>\u00c4nderungen an unserer Datenschutzrichtlinie<\/h3>\n<div class=\"content\">Wenn wir uns entscheiden, unsere Datenschutzrichtlinie zu \u00e4ndern, werden wir diese \u00c4nderungen auf dieser Seite ver\u00f6ffentlichen.<\/div>\n<h3>Kontaktiere uns<\/h3>\n<div class=\"content\">Wenn Sie Fragen zu dieser Datenschutzrichtlinie haben, kontaktieren Sie uns bitte \u00fcber die Kontaktseite oder die ver\u00f6ffentlichten Kontakte.<\/div>\n<\/div>\n<\/div>\n<div>\u00a0<\/div>\n<div>\u00a0<\/div>\n<div>\u00a0<\/div>\n<div>\u00a0<\/div>\n<div class=\"wpb_text_column wpb_content_element\">\n<div class=\"wpb_wrapper\">\n<div>\u00a0<\/div>\n<\/div>\n<\/div>\n\n\t\t<\/div>\n\t<\/div>\n<\/div><\/div><\/div><\/div><\/div>","protected":false},"excerpt":{"rendered":"Katere va\u0161e informacije zbiramo? Za potrebe realizacije spletne rezervacije se shranijo kontaktni podatki in podatki o nosilcu rezervacije ali gostu. Za kaj uporabljamo va\u0161e podatke? Va\u0161e podatke lahko uporabimo za odgovarjanje na vpra\u0161anja oz. realizacijo poslane rezervacije ali povpra\u0161evanja. Va\u0161i podatki se ne bodo prodajali,...","protected":false},"author":1,"featured_media":0,"parent":0,"menu_order":8,"comment_status":"closed","ping_status":"closed","template":"","meta":{"footnotes":""},"class_list":["post-3635","page","type-page","status-publish","hentry"],"yoast_head":"<!-- This site is optimized with the Yoast SEO plugin v25.5 - https:\/\/yoast.com\/wordpress\/plugins\/seo\/ -->\n<title>Politika zasebnosti - Gostisce Sovdat, Bovec<\/title>\n<meta name=\"robots\" content=\"index, follow, max-snippet:-1, max-image-preview:large, max-video-preview:-1\" \/>\n<link rel=\"canonical\" href=\"https:\/\/www.gostiscesovdat.com\/de\/politika-zasebnosti\/\" \/>\n<meta property=\"og:locale\" content=\"de_DE\" \/>\n<meta property=\"og:type\" content=\"article\" \/>\n<meta property=\"og:title\" content=\"Politika zasebnosti - Gostisce Sovdat, Bovec\" \/>\n<meta property=\"og:url\" content=\"https:\/\/www.gostiscesovdat.com\/de\/politika-zasebnosti\/\" \/>\n<meta property=\"og:site_name\" content=\"Gostisce Sovdat, Bovec\" \/>\n<meta property=\"article:modified_time\" content=\"2022-02-13T21:07:14+00:00\" \/>\n<meta name=\"twitter:card\" content=\"summary_large_image\" \/>\n<meta name=\"twitter:label1\" content=\"Gesch\u00e4tzte Lesezeit\" \/>\n\t<meta name=\"twitter:data1\" content=\"2\u00a0Minuten\" \/>\n<script type=\"application\/ld+json\" class=\"yoast-schema-graph\">{\"@context\":\"https:\/\/schema.org\",\"@graph\":[{\"@type\":\"WebPage\",\"@id\":\"https:\/\/www.gostiscesovdat.com\/politika-zasebnosti\/\",\"url\":\"https:\/\/www.gostiscesovdat.com\/politika-zasebnosti\/\",\"name\":\"Politika zasebnosti - Gostisce Sovdat, Bovec\",\"isPartOf\":{\"@id\":\"https:\/\/www.gostiscesovdat.com\/#website\"},\"datePublished\":\"2022-02-13T21:05:40+00:00\",\"dateModified\":\"2022-02-13T21:07:14+00:00\",\"breadcrumb\":{\"@id\":\"https:\/\/www.gostiscesovdat.com\/politika-zasebnosti\/#breadcrumb\"},\"inLanguage\":\"de\",\"potentialAction\":[{\"@type\":\"ReadAction\",\"target\":[\"https:\/\/www.gostiscesovdat.com\/politika-zasebnosti\/\"]}]},{\"@type\":\"BreadcrumbList\",\"@id\":\"https:\/\/www.gostiscesovdat.com\/politika-zasebnosti\/#breadcrumb\",\"itemListElement\":[{\"@type\":\"ListItem\",\"position\":1,\"name\":\"Home\",\"item\":\"https:\/\/www.gostiscesovdat.com\/\"},{\"@type\":\"ListItem\",\"position\":2,\"name\":\"Politika zasebnosti\"}]},{\"@type\":\"WebSite\",\"@id\":\"https:\/\/www.gostiscesovdat.com\/#website\",\"url\":\"https:\/\/www.gostiscesovdat.com\/\",\"name\":\"Gostisce Sovdat, Bovec\",\"description\":\"Gostilna z dru\u017einsko tradicijo\",\"potentialAction\":[{\"@type\":\"SearchAction\",\"target\":{\"@type\":\"EntryPoint\",\"urlTemplate\":\"https:\/\/www.gostiscesovdat.com\/?s={search_term_string}\"},\"query-input\":{\"@type\":\"PropertyValueSpecification\",\"valueRequired\":true,\"valueName\":\"search_term_string\"}}],\"inLanguage\":\"de\"}]}<\/script>\n<!-- \/ Yoast SEO plugin. -->","yoast_head_json":{"title":"Politika zasebnosti - Gostisce Sovdat, Bovec","robots":{"index":"index","follow":"follow","max-snippet":"max-snippet:-1","max-image-preview":"max-image-preview:large","max-video-preview":"max-video-preview:-1"},"canonical":"https:\/\/www.gostiscesovdat.com\/de\/politika-zasebnosti\/","og_locale":"de_DE","og_type":"article","og_title":"Politika zasebnosti - Gostisce Sovdat, Bovec","og_url":"https:\/\/www.gostiscesovdat.com\/de\/politika-zasebnosti\/","og_site_name":"Gostisce Sovdat, Bovec","article_modified_time":"2022-02-13T21:07:14+00:00","twitter_card":"summary_large_image","twitter_misc":{"Gesch\u00e4tzte Lesezeit":"2\u00a0Minuten"},"schema":{"@context":"https:\/\/schema.org","@graph":[{"@type":"WebPage","@id":"https:\/\/www.gostiscesovdat.com\/politika-zasebnosti\/","url":"https:\/\/www.gostiscesovdat.com\/politika-zasebnosti\/","name":"Politika zasebnosti - Gostisce Sovdat, Bovec","isPartOf":{"@id":"https:\/\/www.gostiscesovdat.com\/#website"},"datePublished":"2022-02-13T21:05:40+00:00","dateModified":"2022-02-13T21:07:14+00:00","breadcrumb":{"@id":"https:\/\/www.gostiscesovdat.com\/politika-zasebnosti\/#breadcrumb"},"inLanguage":"de","potentialAction":[{"@type":"ReadAction","target":["https:\/\/www.gostiscesovdat.com\/politika-zasebnosti\/"]}]},{"@type":"BreadcrumbList","@id":"https:\/\/www.gostiscesovdat.com\/politika-zasebnosti\/#breadcrumb","itemListElement":[{"@type":"ListItem","position":1,"name":"Home","item":"https:\/\/www.gostiscesovdat.com\/"},{"@type":"ListItem","position":2,"name":"Politika zasebnosti"}]},{"@type":"WebSite","@id":"https:\/\/www.gostiscesovdat.com\/#website","url":"https:\/\/www.gostiscesovdat.com\/","name":"Gosti\u0161ce Sovdat, Bovec","description":"Ein Gasthof mit Familientradition","potentialAction":[{"@type":"SearchAction","target":{"@type":"EntryPoint","urlTemplate":"https:\/\/www.gostiscesovdat.com\/?s={search_term_string}"},"query-input":{"@type":"PropertyValueSpecification","valueRequired":true,"valueName":"search_term_string"}}],"inLanguage":"de"}]}},"_links":{"self":[{"href":"http:\/\/www.gostiscesovdat.com\/de\/wp-json\/wp\/v2\/pages\/3635","targetHints":{"allow":["GET"]}}],"collection":[{"href":"http:\/\/www.gostiscesovdat.com\/de\/wp-json\/wp\/v2\/pages"}],"about":[{"href":"http:\/\/www.gostiscesovdat.com\/de\/wp-json\/wp\/v2\/types\/page"}],"author":[{"embeddable":true,"href":"http:\/\/www.gostiscesovdat.com\/de\/wp-json\/wp\/v2\/users\/1"}],"replies":[{"embeddable":true,"href":"http:\/\/www.gostiscesovdat.com\/de\/wp-json\/wp\/v2\/comments?post=3635"}],"version-history":[{"count":0,"href":"http:\/\/www.gostiscesovdat.com\/de\/wp-json\/wp\/v2\/pages\/3635\/revisions"}],"wp:attachment":[{"href":"http:\/\/www.gostiscesovdat.com\/de\/wp-json\/wp\/v2\/media?parent=3635"}],"curies":[{"name":"wp","href":"https:\/\/api.w.org\/{rel}","templated":true}]}}