{"id":3635,"date":"2022-02-13T22:05:40","date_gmt":"2022-02-13T21:05:40","guid":{"rendered":"https:\/\/www.gostiscesovdat.com\/piskotki-2\/"},"modified":"2022-02-13T22:07:14","modified_gmt":"2022-02-13T21:07:14","slug":"politika-zasebnosti","status":"publish","type":"page","link":"https:\/\/www.gostiscesovdat.com\/en\/politika-zasebnosti\/","title":{"rendered":"Privacy policy"},"content":{"rendered":"<div data-mkdf-parallax-speed=\"1\" class=\"vc_row wpb_row vc_row-fluid mkdf-section mkdf-content-aligment-left\" style=\"\"><div class=\"clearfix mkdf-full-section-inner\"><div class=\"wpb_column vc_column_container vc_col-sm-12\"><div class=\"vc_column-inner\"><div class=\"wpb_wrapper\">\n\t<div class=\"wpb_text_column wpb_content_element\" >\n\t\t<div class=\"wpb_wrapper\">\n\t\t\t<div class=\"wpb_text_column wpb_content_element\">\n<div class=\"wpb_wrapper\">\n<h3>What information do we collect?<\/h3>\n<div class=\"content\">For the purposes of making an online reservation, contact details and information about the holder of the reservation or the guest are stored.<\/div>\n<h3>What do we use your data for?<\/h3>\n<div class=\"content\">We can use your data to answer questions or. realization of the sent reservation or request. Your data will not be sold, exchanged, transferred or given to any other company for any reason.<\/div>\n<h3>How do we protect your information?<\/h3>\n<div class=\"content\">\n<p>Your data related to the reservation are stored in the reservation system, which we use to manage reservations (the system provider is the company INTERSPLET doo).<br \/>Only persons employed by the company have access to the data and are granted rights to do so (reception, support).<br \/>All data between the website and the reservation system is transmitted over a secure HTTPS connection.<\/p>\n<p>Online payments and other transactions are made on the website of the service provider (eg banks, PayPal) and are not processed or stored by us.<\/p>\n<\/div>\n<h3>Do we use cookies?<\/h3>\n<div class=\"content\">\n<p>Yes. Cookies are small files that we store on your computer&#039;s hard drive via a web browser (if you allow it), which allows our system to recognize your browser and capture and remember certain information.<\/p>\n<p>We also use cookies to help us compile aggregate data about website traffic and site interaction so that we can offer better experiences and tools on the site in the future.<\/p>\n<p>If you disable cookies, some features will be disabled. Some functionalities that make the service experience more efficient will be disabled. Some of our services will not work properly.<\/p>\n<p>More about cookies: \/ cookies \/<\/p>\n<\/div>\n<h3>Disclosure to third parties<\/h3>\n<div class=\"content\">We do not sell, trade or otherwise transfer your personal information to third parties.<\/div>\n<h3>Third party connections<\/h3>\n<div class=\"content\">We may include or offer third party products or services on the Website. These third party websites have separate and independent privacy policies. For this reason, we are not responsible for the content and activities of these linked sites. Nevertheless, we strive to protect the integrity of our site, so any feedback on these sites is welcome.<\/div>\n<h3>Changes to our Privacy Policy<\/h3>\n<div class=\"content\">If we decide to change our privacy policy, we will post those changes on this page.<\/div>\n<h3>Contact us<\/h3>\n<div class=\"content\">If you have any questions about this Privacy Policy, please contact us via the contact page or published contacts.<\/div>\n<\/div>\n<\/div>\n<div>\u00a0<\/div>\n<div>\u00a0<\/div>\n<div>\u00a0<\/div>\n<div>\u00a0<\/div>\n<div class=\"wpb_text_column wpb_content_element\">\n<div class=\"wpb_wrapper\">\n<div>\u00a0<\/div>\n<\/div>\n<\/div>\n\n\t\t<\/div>\n\t<\/div>\n<\/div><\/div><\/div><\/div><\/div>","protected":false},"excerpt":{"rendered":"Katere va\u0161e informacije zbiramo? Za potrebe realizacije spletne rezervacije se shranijo kontaktni podatki in podatki o nosilcu rezervacije ali gostu. Za kaj uporabljamo va\u0161e podatke? Va\u0161e podatke lahko uporabimo za odgovarjanje na vpra\u0161anja oz. realizacijo poslane rezervacije ali povpra\u0161evanja. Va\u0161i podatki se ne bodo prodajali,...","protected":false},"author":1,"featured_media":0,"parent":0,"menu_order":8,"comment_status":"closed","ping_status":"closed","template":"","meta":{"footnotes":""},"class_list":["post-3635","page","type-page","status-publish","hentry"],"yoast_head":"<!-- This site is optimized with the Yoast SEO plugin v25.5 - https:\/\/yoast.com\/wordpress\/plugins\/seo\/ -->\n<title>Politika zasebnosti - Gostisce Sovdat, Bovec<\/title>\n<meta name=\"robots\" content=\"index, follow, max-snippet:-1, max-image-preview:large, max-video-preview:-1\" \/>\n<link rel=\"canonical\" href=\"https:\/\/www.gostiscesovdat.com\/en\/politika-zasebnosti\/\" \/>\n<meta property=\"og:locale\" content=\"en_GB\" \/>\n<meta property=\"og:type\" content=\"article\" \/>\n<meta property=\"og:title\" content=\"Politika zasebnosti - Gostisce Sovdat, Bovec\" \/>\n<meta property=\"og:url\" content=\"https:\/\/www.gostiscesovdat.com\/en\/politika-zasebnosti\/\" \/>\n<meta property=\"og:site_name\" content=\"Gostisce Sovdat, Bovec\" \/>\n<meta property=\"article:modified_time\" content=\"2022-02-13T21:07:14+00:00\" \/>\n<meta name=\"twitter:card\" content=\"summary_large_image\" \/>\n<meta name=\"twitter:label1\" content=\"Estimated reading time\" \/>\n\t<meta name=\"twitter:data1\" content=\"2 minutes\" \/>\n<script type=\"application\/ld+json\" class=\"yoast-schema-graph\">{\"@context\":\"https:\/\/schema.org\",\"@graph\":[{\"@type\":\"WebPage\",\"@id\":\"https:\/\/www.gostiscesovdat.com\/politika-zasebnosti\/\",\"url\":\"https:\/\/www.gostiscesovdat.com\/politika-zasebnosti\/\",\"name\":\"Politika zasebnosti - Gostisce Sovdat, Bovec\",\"isPartOf\":{\"@id\":\"https:\/\/www.gostiscesovdat.com\/#website\"},\"datePublished\":\"2022-02-13T21:05:40+00:00\",\"dateModified\":\"2022-02-13T21:07:14+00:00\",\"breadcrumb\":{\"@id\":\"https:\/\/www.gostiscesovdat.com\/politika-zasebnosti\/#breadcrumb\"},\"inLanguage\":\"en-GB\",\"potentialAction\":[{\"@type\":\"ReadAction\",\"target\":[\"https:\/\/www.gostiscesovdat.com\/politika-zasebnosti\/\"]}]},{\"@type\":\"BreadcrumbList\",\"@id\":\"https:\/\/www.gostiscesovdat.com\/politika-zasebnosti\/#breadcrumb\",\"itemListElement\":[{\"@type\":\"ListItem\",\"position\":1,\"name\":\"Home\",\"item\":\"https:\/\/www.gostiscesovdat.com\/\"},{\"@type\":\"ListItem\",\"position\":2,\"name\":\"Politika zasebnosti\"}]},{\"@type\":\"WebSite\",\"@id\":\"https:\/\/www.gostiscesovdat.com\/#website\",\"url\":\"https:\/\/www.gostiscesovdat.com\/\",\"name\":\"Gostisce Sovdat, Bovec\",\"description\":\"Gostilna z dru\u017einsko tradicijo\",\"potentialAction\":[{\"@type\":\"SearchAction\",\"target\":{\"@type\":\"EntryPoint\",\"urlTemplate\":\"https:\/\/www.gostiscesovdat.com\/?s={search_term_string}\"},\"query-input\":{\"@type\":\"PropertyValueSpecification\",\"valueRequired\":true,\"valueName\":\"search_term_string\"}}],\"inLanguage\":\"en-GB\"}]}<\/script>\n<!-- \/ Yoast SEO plugin. -->","yoast_head_json":{"title":"Politika zasebnosti - Gostisce Sovdat, Bovec","robots":{"index":"index","follow":"follow","max-snippet":"max-snippet:-1","max-image-preview":"max-image-preview:large","max-video-preview":"max-video-preview:-1"},"canonical":"https:\/\/www.gostiscesovdat.com\/en\/politika-zasebnosti\/","og_locale":"en_GB","og_type":"article","og_title":"Politika zasebnosti - Gostisce Sovdat, Bovec","og_url":"https:\/\/www.gostiscesovdat.com\/en\/politika-zasebnosti\/","og_site_name":"Gostisce Sovdat, Bovec","article_modified_time":"2022-02-13T21:07:14+00:00","twitter_card":"summary_large_image","twitter_misc":{"Estimated reading time":"2 minutes"},"schema":{"@context":"https:\/\/schema.org","@graph":[{"@type":"WebPage","@id":"https:\/\/www.gostiscesovdat.com\/politika-zasebnosti\/","url":"https:\/\/www.gostiscesovdat.com\/politika-zasebnosti\/","name":"Politika zasebnosti - Gostisce Sovdat, Bovec","isPartOf":{"@id":"https:\/\/www.gostiscesovdat.com\/#website"},"datePublished":"2022-02-13T21:05:40+00:00","dateModified":"2022-02-13T21:07:14+00:00","breadcrumb":{"@id":"https:\/\/www.gostiscesovdat.com\/politika-zasebnosti\/#breadcrumb"},"inLanguage":"en-GB","potentialAction":[{"@type":"ReadAction","target":["https:\/\/www.gostiscesovdat.com\/politika-zasebnosti\/"]}]},{"@type":"BreadcrumbList","@id":"https:\/\/www.gostiscesovdat.com\/politika-zasebnosti\/#breadcrumb","itemListElement":[{"@type":"ListItem","position":1,"name":"Home","item":"https:\/\/www.gostiscesovdat.com\/"},{"@type":"ListItem","position":2,"name":"Politika zasebnosti"}]},{"@type":"WebSite","@id":"https:\/\/www.gostiscesovdat.com\/#website","url":"https:\/\/www.gostiscesovdat.com\/","name":"Gostisce Sovdat, Bovec","description":"An inn with a family tradition","potentialAction":[{"@type":"SearchAction","target":{"@type":"EntryPoint","urlTemplate":"https:\/\/www.gostiscesovdat.com\/?s={search_term_string}"},"query-input":{"@type":"PropertyValueSpecification","valueRequired":true,"valueName":"search_term_string"}}],"inLanguage":"en-GB"}]}},"_links":{"self":[{"href":"https:\/\/www.gostiscesovdat.com\/en\/wp-json\/wp\/v2\/pages\/3635","targetHints":{"allow":["GET"]}}],"collection":[{"href":"https:\/\/www.gostiscesovdat.com\/en\/wp-json\/wp\/v2\/pages"}],"about":[{"href":"https:\/\/www.gostiscesovdat.com\/en\/wp-json\/wp\/v2\/types\/page"}],"author":[{"embeddable":true,"href":"https:\/\/www.gostiscesovdat.com\/en\/wp-json\/wp\/v2\/users\/1"}],"replies":[{"embeddable":true,"href":"https:\/\/www.gostiscesovdat.com\/en\/wp-json\/wp\/v2\/comments?post=3635"}],"version-history":[{"count":0,"href":"https:\/\/www.gostiscesovdat.com\/en\/wp-json\/wp\/v2\/pages\/3635\/revisions"}],"wp:attachment":[{"href":"https:\/\/www.gostiscesovdat.com\/en\/wp-json\/wp\/v2\/media?parent=3635"}],"curies":[{"name":"wp","href":"https:\/\/api.w.org\/{rel}","templated":true}]}}